{"id":121,"date":"2017-05-10T13:55:37","date_gmt":"2017-05-10T13:55:37","guid":{"rendered":"https:\/\/colorlib.com\/newspaper-x\/?page_id=6"},"modified":"2025-08-29T15:43:52","modified_gmt":"2025-08-29T13:43:52","slug":"home","status":"publish","type":"page","link":"https:\/\/ccaves.org\/blog\/","title":{"rendered":""},"content":{"rendered":"<div class=\"container-cards\">\n<div class=\"cards-row\">\n<div class=\"card-item\">\n<div class=\"card\">\n<div class=\"card-body text-center\" style=\"background-color: #048b9a;\">\n<h3><span style=\"color: #ebe17c;\"><a style=\"color: #ebe17c;\" href=\"\/blog\/collectif-du-vallon\/\">Collectif du Vallon (Aveyron) d&rsquo;information sur les champs \u00e9lectromagn\u00e9tiques objets connect\u00e9s et compteurs communicants<\/a><\/span><\/h3>\n<\/div>\n<\/div>\n<\/div>\n<div class=\"card-item\">\n<div class=\"card\">\n<div class=\"card-body text-center\" style=\"background-color: #22427c;\">\n<h3><a style=\"color: yellow;\" href=\"https:\/\/ccaves.org\/blog\/reseau-environnement-sante\/\">R\u00e9seau Environnement Sant\u00e9 Occitanie<\/a><\/h3>\n<\/div>\n<\/div>\n<\/div>\n<div class=\"card-item\">\n<div class=\"card\">\n<div class=\"card-body text-center\" style=\"background-color: #01796f;\">\n<h3><a style=\"color: yellow;\" href=\"https:\/\/ccaves.org\/blog\/les-jeudis-en-questions\/\">Les Jeudis en Question conf\u00e9rences citoyennes \u00e0 \u00e9couter<\/a><\/h3>\n<\/div>\n<\/div>\n<\/div>\n<div class=\"card-item\">\n<div class=\"card\">\n<div class=\"card-body text-center\" style=\"background-color: #cf0a1d;\">\n<h3><a style=\"color: yellow;\" href=\"http:\/\/ccaves.org\/blog\/ligue-des-droits-de-l'homme-de-rodez\/\">Ligue des Droits de l&rsquo;Homme de Rodez (Aveyron)<\/a><\/h3>\n<\/div>\n<\/div>\n<\/div>\n<div class=\"card-item\">\n<div class=\"card\"style=\"border: 0px !important;\">\n<div class=\"card-body text-center\" style=\"background-color: #ffffff;\"><\/div>\n<\/div>\n<\/div>\n<div class=\"card-item\">\n<div class=\"card\">\n<div class=\"card-body text-center\" style=\"background-color: #048b9a;\">\n<h3><a style=\"color: yellow;\" href=\"https:\/\/ccaves.org\/blog\/comite-causse-comtal-association-agreee-environnement-en-aveyron\/\" rel=\"noopener noreferrer\">Comit\u00e9 Causse Comtal association agr\u00e9\u00e9e protection de l&rsquo;environnement<\/a><\/h3>\n<\/div>\n<\/div>\n<\/div>\n<\/div>\n<\/div>\n<div class=\"container-cards\">\n<div class=\"cards-row\">\n<div class=\"card-item\">\n<div class=\"card\">\n<div class=\"card-body text-center\" style=\"background-color: #ffe436;\">\n<h3><a style=\"color: black;\" href=\"https:\/\/ccaves.org\/blog\/collectif-de-reflexion-citoyenne-sur-le-photovoltaique-du-causse-comtal\/\" target=\"_blank\" rel=\"noopener noreferrer\">Collectif de r\u00e9flexion citoyenne sur le photovolta\u00efque du Causse Comtal<\/a><\/h3>\n<h4>Non aux projets industriels de panneaux solaires sur des terres agricoles et naturelles<\/h4>\n<\/div>\n<\/div>\n<\/div>\n<div class=\"card-item\">\n<div class=\"card\">\n<div class=\"card-body text-center\" style=\"background-color: #4863a0;\">\n<h3><a style=\"color: black;\" href=\"https:\/\/ccaves.org\/blog\/communique-des-cameras-a-marcillac-vallon-est-ce-bien-raisonnable\/\" target=\"_blank\" rel=\"noopener noreferrer\">Collectif de r\u00e9flexion citoyenne sur les cam\u00e9ras de vid\u00e9osurveillance du Vallon<\/a><\/h3>\n<\/div>\n<\/div>\n<\/div>\n<div class=\"card-item\">\n<div class=\"card\">\n<div class=\"card-body text-center\" style=\"background-color: #03c03c;\">\n<h3><a style=\"color: black;\" href=\"https:\/\/ccaves.org\/blog\/collectif-pour-la-preservation-des-terres-agricoles-du-ruthenois\/\" target=\"_blank\" rel=\"noopener noreferrer\">Collectif pour la pr\u00e9servation des terres agricoles du Ruth\u00e9nois<\/a><\/h3>\n<h3>Non au parc des expositions de Malan<\/h3>\n<\/div>\n<\/div>\n<\/div>\n<\/div>\n<\/div>\n","protected":false},"excerpt":{"rendered":"<p>Collectif du Vallon (Aveyron) d&rsquo;information sur les champs \u00e9lectromagn\u00e9tiques objets connect\u00e9s et compteurs communicants R\u00e9seau Environnement Sant\u00e9 Occitanie Les Jeudis<\/p>\n","protected":false},"author":3,"featured_media":0,"parent":0,"menu_order":0,"comment_status":"closed","ping_status":"closed","template":"","meta":{"colormag_page_container_layout":"no_sidebar_full_width","colormag_page_sidebar_layout":"no_sidebar","footnotes":""},"class_list":["post-121","page","type-page","status-publish","hentry"],"yoast_head":"<!-- This site is optimized with the Yoast SEO plugin v27.4 - https:\/\/yoast.com\/product\/yoast-seo-wordpress\/ -->\n<title>- CCAVES<\/title>\n<meta name=\"description\" content=\"Plateforme d&#039;\u00e9changes et de Coordination des Collectifs et Associations Volontaires en Environnement Sant\u00e9 et Soci\u00e9t\u00e9\" \/>\n<meta name=\"robots\" content=\"index, follow, max-snippet:-1, max-image-preview:large, max-video-preview:-1\" \/>\n<link rel=\"canonical\" href=\"https:\/\/ccaves.org\/blog\/\" \/>\n<meta property=\"og:locale\" content=\"fr_FR\" \/>\n<meta property=\"og:type\" content=\"article\" \/>\n<meta property=\"og:title\" content=\"- CCAVES\" \/>\n<meta property=\"og:description\" content=\"Plateforme d&#039;\u00e9changes et de Coordination des Collectifs et Associations Volontaires en Environnement Sant\u00e9 et Soci\u00e9t\u00e9\" \/>\n<meta property=\"og:url\" content=\"https:\/\/ccaves.org\/blog\/\" \/>\n<meta property=\"og:site_name\" content=\"CCAVES\" \/>\n<meta property=\"article:modified_time\" content=\"2025-08-29T13:43:52+00:00\" \/>\n<meta property=\"og:image\" content=\"https:\/\/ccaves.org\/blog\/wp-content\/uploads\/Oedicneme-criard-IMP-1024x631.png\" \/>\n\t<meta property=\"og:image:width\" content=\"1024\" \/>\n\t<meta property=\"og:image:height\" content=\"631\" \/>\n\t<meta property=\"og:image:type\" content=\"image\/png\" \/>\n<meta name=\"twitter:card\" content=\"summary_large_image\" \/>\n<meta name=\"twitter:label1\" content=\"Dur\u00e9e de lecture estim\u00e9e\" \/>\n\t<meta name=\"twitter:data1\" content=\"1 minute\" \/>\n<script type=\"application\/ld+json\" class=\"yoast-schema-graph\">{\"@context\":\"https:\\\/\\\/schema.org\",\"@graph\":[{\"@type\":\"WebPage\",\"@id\":\"https:\\\/\\\/ccaves.org\\\/blog\\\/\",\"url\":\"https:\\\/\\\/ccaves.org\\\/blog\\\/\",\"name\":\"- CCAVES\",\"isPartOf\":{\"@id\":\"https:\\\/\\\/ccaves.org\\\/blog\\\/#website\"},\"datePublished\":\"2017-05-10T13:55:37+00:00\",\"dateModified\":\"2025-08-29T13:43:52+00:00\",\"description\":\"Plateforme d'\u00e9changes et de Coordination des Collectifs et Associations Volontaires en Environnement Sant\u00e9 et Soci\u00e9t\u00e9\",\"inLanguage\":\"fr-FR\",\"potentialAction\":[{\"@type\":\"ReadAction\",\"target\":[\"https:\\\/\\\/ccaves.org\\\/blog\\\/\"]}]},{\"@type\":\"WebSite\",\"@id\":\"https:\\\/\\\/ccaves.org\\\/blog\\\/#website\",\"url\":\"https:\\\/\\\/ccaves.org\\\/blog\\\/\",\"name\":\"CCAVES\",\"description\":\"Plateforme d&#039;\u00e9changes et de Coordination des Collectifs et Associations Volontaires en Environnement Sant\u00e9 et Soci\u00e9t\u00e9\",\"publisher\":{\"@id\":\"https:\\\/\\\/ccaves.org\\\/blog\\\/#organization\"},\"alternateName\":\"Coordination des Collectifs et Associations Volontaires en Environnement Sant\u00e9 et Soci\u00e9t\u00e9\",\"potentialAction\":[{\"@type\":\"SearchAction\",\"target\":{\"@type\":\"EntryPoint\",\"urlTemplate\":\"https:\\\/\\\/ccaves.org\\\/blog\\\/?s={search_term_string}\"},\"query-input\":{\"@type\":\"PropertyValueSpecification\",\"valueRequired\":true,\"valueName\":\"search_term_string\"}}],\"inLanguage\":\"fr-FR\"},{\"@type\":\"Organization\",\"@id\":\"https:\\\/\\\/ccaves.org\\\/blog\\\/#organization\",\"name\":\"Plateforme d'\u00e9changes et de Coordination des Collectifs et Associations Volontaires en Environnement Sant\u00e9 et Soci\u00e9t\u00e9\",\"alternateName\":\"Plateforme d'\u00e9changes et de Coordination des Collectifs et Associations Volontaires en Environnement Sant\u00e9 et Soci\u00e9t\u00e9\",\"url\":\"https:\\\/\\\/ccaves.org\\\/blog\\\/\",\"logo\":{\"@type\":\"ImageObject\",\"inLanguage\":\"fr-FR\",\"@id\":\"https:\\\/\\\/ccaves.org\\\/blog\\\/#\\\/schema\\\/logo\\\/image\\\/\",\"url\":\"https:\\\/\\\/ccaves.org\\\/blog\\\/wp-content\\\/uploads\\\/Oedicneme-criard-IMP-1024x631.png\",\"contentUrl\":\"https:\\\/\\\/ccaves.org\\\/blog\\\/wp-content\\\/uploads\\\/Oedicneme-criard-IMP-1024x631.png\",\"width\":1024,\"height\":631,\"caption\":\"Plateforme d'\u00e9changes et de Coordination des Collectifs et Associations Volontaires en Environnement Sant\u00e9 et Soci\u00e9t\u00e9\"},\"image\":{\"@id\":\"https:\\\/\\\/ccaves.org\\\/blog\\\/#\\\/schema\\\/logo\\\/image\\\/\"}}]}<\/script>\n<!-- \/ Yoast SEO plugin. -->","yoast_head_json":{"title":"- CCAVES","description":"Plateforme d'\u00e9changes et de Coordination des Collectifs et Associations Volontaires en Environnement Sant\u00e9 et Soci\u00e9t\u00e9","robots":{"index":"index","follow":"follow","max-snippet":"max-snippet:-1","max-image-preview":"max-image-preview:large","max-video-preview":"max-video-preview:-1"},"canonical":"https:\/\/ccaves.org\/blog\/","og_locale":"fr_FR","og_type":"article","og_title":"- CCAVES","og_description":"Plateforme d'\u00e9changes et de Coordination des Collectifs et Associations Volontaires en Environnement Sant\u00e9 et Soci\u00e9t\u00e9","og_url":"https:\/\/ccaves.org\/blog\/","og_site_name":"CCAVES","article_modified_time":"2025-08-29T13:43:52+00:00","og_image":[{"width":1024,"height":631,"url":"https:\/\/ccaves.org\/blog\/wp-content\/uploads\/Oedicneme-criard-IMP-1024x631.png","type":"image\/png"}],"twitter_card":"summary_large_image","twitter_misc":{"Dur\u00e9e de lecture estim\u00e9e":"1 minute"},"schema":{"@context":"https:\/\/schema.org","@graph":[{"@type":"WebPage","@id":"https:\/\/ccaves.org\/blog\/","url":"https:\/\/ccaves.org\/blog\/","name":"- CCAVES","isPartOf":{"@id":"https:\/\/ccaves.org\/blog\/#website"},"datePublished":"2017-05-10T13:55:37+00:00","dateModified":"2025-08-29T13:43:52+00:00","description":"Plateforme d'\u00e9changes et de Coordination des Collectifs et Associations Volontaires en Environnement Sant\u00e9 et Soci\u00e9t\u00e9","inLanguage":"fr-FR","potentialAction":[{"@type":"ReadAction","target":["https:\/\/ccaves.org\/blog\/"]}]},{"@type":"WebSite","@id":"https:\/\/ccaves.org\/blog\/#website","url":"https:\/\/ccaves.org\/blog\/","name":"CCAVES","description":"Plateforme d&#039;\u00e9changes et de Coordination des Collectifs et Associations Volontaires en Environnement Sant\u00e9 et Soci\u00e9t\u00e9","publisher":{"@id":"https:\/\/ccaves.org\/blog\/#organization"},"alternateName":"Coordination des Collectifs et Associations Volontaires en Environnement Sant\u00e9 et Soci\u00e9t\u00e9","potentialAction":[{"@type":"SearchAction","target":{"@type":"EntryPoint","urlTemplate":"https:\/\/ccaves.org\/blog\/?s={search_term_string}"},"query-input":{"@type":"PropertyValueSpecification","valueRequired":true,"valueName":"search_term_string"}}],"inLanguage":"fr-FR"},{"@type":"Organization","@id":"https:\/\/ccaves.org\/blog\/#organization","name":"Plateforme d'\u00e9changes et de Coordination des Collectifs et Associations Volontaires en Environnement Sant\u00e9 et Soci\u00e9t\u00e9","alternateName":"Plateforme d'\u00e9changes et de Coordination des Collectifs et Associations Volontaires en Environnement Sant\u00e9 et Soci\u00e9t\u00e9","url":"https:\/\/ccaves.org\/blog\/","logo":{"@type":"ImageObject","inLanguage":"fr-FR","@id":"https:\/\/ccaves.org\/blog\/#\/schema\/logo\/image\/","url":"https:\/\/ccaves.org\/blog\/wp-content\/uploads\/Oedicneme-criard-IMP-1024x631.png","contentUrl":"https:\/\/ccaves.org\/blog\/wp-content\/uploads\/Oedicneme-criard-IMP-1024x631.png","width":1024,"height":631,"caption":"Plateforme d'\u00e9changes et de Coordination des Collectifs et Associations Volontaires en Environnement Sant\u00e9 et Soci\u00e9t\u00e9"},"image":{"@id":"https:\/\/ccaves.org\/blog\/#\/schema\/logo\/image\/"}}]}},"_links":{"self":[{"href":"https:\/\/ccaves.org\/blog\/wp-json\/wp\/v2\/pages\/121","targetHints":{"allow":["GET"]}}],"collection":[{"href":"https:\/\/ccaves.org\/blog\/wp-json\/wp\/v2\/pages"}],"about":[{"href":"https:\/\/ccaves.org\/blog\/wp-json\/wp\/v2\/types\/page"}],"author":[{"embeddable":true,"href":"https:\/\/ccaves.org\/blog\/wp-json\/wp\/v2\/users\/3"}],"replies":[{"embeddable":true,"href":"https:\/\/ccaves.org\/blog\/wp-json\/wp\/v2\/comments?post=121"}],"version-history":[{"count":337,"href":"https:\/\/ccaves.org\/blog\/wp-json\/wp\/v2\/pages\/121\/revisions"}],"predecessor-version":[{"id":5646,"href":"https:\/\/ccaves.org\/blog\/wp-json\/wp\/v2\/pages\/121\/revisions\/5646"}],"wp:attachment":[{"href":"https:\/\/ccaves.org\/blog\/wp-json\/wp\/v2\/media?parent=121"}],"curies":[{"name":"wp","href":"https:\/\/api.w.org\/{rel}","templated":true}]}}