{"id":138,"date":"2017-05-11T09:45:07","date_gmt":"2017-05-11T09:45:07","guid":{"rendered":"https:\/\/colorlib.com\/newspaper-x\/?page_id=138"},"modified":"2020-01-27T17:11:26","modified_gmt":"2020-01-27T16:11:26","slug":"contact","status":"publish","type":"page","link":"https:\/\/ccaves.org\/blog\/contact\/","title":{"rendered":"Contact"},"content":{"rendered":"<h1 style=\"text-align: center;\"><strong>Ligue des Droits de l&rsquo;Homme de Rodez (Aveyron)<\/strong><\/h1>\n<ul>\n<li>Contact : ldh&#114;&#111;&#100;&#x65;&#x7a;&#x40;&#x67;&#x6d;&#x61;il&#46;&#99;&#111;&#109;<\/li>\n<\/ul>\n<hr \/>\n<hr \/>\n<h1 style=\"text-align: center;\"><strong>Collectifs aveyronnais sur les compteurs communicants, objets connect\u00e9s et champs \u00e9lectromagn\u00e9tiques <\/strong><\/h1>\n<ul>\n<li>Collectif du Vallon d&rsquo;information sur les objets connect\u00e9s:\u00a0<a href=\"&#x6d;&#97;i&#x6c;&#116;o&#x3a;&#99;o&#x6c;&#108;e&#x63;&#116;i&#x66;&#x76;a&#x6c;&#x6c;&#111;&#x6e;&#x40;&#103;&#x6d;&#x61;&#105;l&#x2e;&#99;o&#x6d;\">&#x63;&#111;&#x6c;&#x6c;&#101;&#x63;&#x74;&#105;&#x66;&#x76;&#97;&#x6c;&#x6c;o&#x6e;&#x40;g&#x6d;&#97;i&#x6c;&#46;c&#x6f;&#109;<\/a><\/li>\n<li>Collectif du Sud-Ouest-Aveyron : <a href=\"&#109;&#97;&#x69;l&#116;&#x6f;&#x3a;s&#116;&#x6f;&#x70;l&#105;&#x6e;k&#121;&#x2e;&#x61;s&#111;&#x40;&#x67;m&#97;&#x69;l&#46;&#x63;&#x6f;m\">&#x73;&#116;o&#x70;&#108;i&#x6e;&#107;y&#x2e;&#97;s&#x6f;&#64;g&#x6d;&#97;i&#x6c;&#46;c&#x6f;&#109;<\/a><\/li>\n<li>Collectif Millavois : <span class=\"autocompleteEmails-label\" contenteditable=\"true\"><a href=\"&#x73;t&#x6f;&#112;&#x6c;&#x69;n&#x6b;&#121;&#x6d;&#x69;l&#x6c;&#97;&#x75;&#x40;o&#x72;&#97;&#x6e;&#x67;e&#x2e;&#102;&#x72;\">stoplinkymillau@<\/a>protonmail.com<\/span><\/li>\n<li>Collectif du Saint-Affricain \u00ab\u00a0restons intelligents\u00a0\u00bb : <a href=\"&#109;&#x61;i&#x6c;t&#111;&#x3a;&#114;&#x65;s&#116;&#x6f;&#110;&#x73;i&#x6e;&#x74;&#101;&#x6c;l&#x69;g&#101;&#x6e;&#116;&#x73;&#64;&#108;&#x61;&#112;&#x6f;s&#116;&#x65;&#46;&#x6e;e&#x74;\">&#x72;&#x65;&#x73;&#x74;&#111;&#110;sin&#x74;&#x65;&#x6c;&#x6c;&#105;&#103;ent&#x73;&#x40;&#x6c;&#x61;&#112;&#111;&#115;te&#x2e;&#x6e;&#x65;&#x74;<\/a><\/li>\n<li>Collectif de l&rsquo;ouest-Aveyron : <a href=\"&#x6d;&#x61;&#x69;&#x6c;&#x74;&#x6f;&#x3a;&#x6c;&#x69;&#x6e;&#x6b;&#121;&#111;&#117;&#101;&#115;&#116;&#97;veyron&#x40;&#x67;&#x6d;&#x61;&#x69;&#x6c;&#x2e;&#x63;&#x6f;&#x6d;\">l&#105;&#x6e;&#x6b;y&#111;&#117;&#x65;&#x73;t&#97;&#118;&#x65;&#x79;r&#111;&#x6e;&#x40;&#x67;m&#97;&#x69;&#x6c;&#46;&#99;&#111;&#x6d;<\/a><\/li>\n<\/ul>\n<p>Faire un don et soutenir <a href=\"https:\/\/ccaves.org\/blog\/communiques-de-presse-procedures-en-justice\/\" target=\"_blank\" rel=\"noopener noreferrer\">les d\u00e9marches en justice<\/a> et les r\u00e9unions publiques des collectifs aveyronnais :<\/p>\n<p><a href=\"https:\/\/www.lepotcommun.fr\/pot\/e6a10xhk\" target=\"_blank\" rel=\"noopener noreferrer\">https:\/\/www.lepotcommun.fr\/pot\/e6a10xhk<\/a><\/p>\n<p>Ou contactez-nous par mail \u00ab\u00a0&#x63;o&#x6c;&#108;&#x65;&#99;&#x74;&#105;f&#x76;a&#x6c;l&#x6f;&#110;&#x40;&#103;&#x6d;&#97;&#x69;&#108;&#46;&#x63;o&#x6d;\u00a0\u00bb<\/p>\n<p>Ou \u00e9crire au\u00a0 \u00ab\u00a0Pti Bio, 5 all\u00e9es des rosiers 12 330 Marcillac Vallon\u00a0\u00bb<\/p>\n<p>&nbsp;<\/p>\n<hr \/>\n<hr \/>\n<h1 style=\"text-align: center;\"><strong>Les Jeudis en Questions <\/strong><\/h1>\n<ul>\n<li><span class=\"autocompleteEmails-label\" tabindex=\"0\" contenteditable=\"true\">&#x4a;&#x65;&#x51;&#x31;&#x32;&#x40;&#x6f;&#x72;&#x61;&#x6e;&#x67;&#x65;&#x2e;&#x66;&#x72;<\/span><\/li>\n<\/ul>\n<hr \/>\n<hr \/>\n<h1 style=\"text-align: center;\"><strong>R\u00e9seau Environnement Sant\u00e9 Occitanie<\/strong><\/h1>\n<ul>\n<li>&#114;&#x65;&#115;&#x2d;&#111;&#x63;&#99;&#x69;&#116;&#x61;&#110;&#x69;&#101;&#x40;&#114;&#x65;&#115;&#x65;&#97;&#x75;&#45;&#x65;&#110;&#x76;&#105;&#x72;o&#x6e;n&#x65;m&#x65;n&#x74;-&#x73;a&#x6e;t&#x65;&#46;&#x66;r<\/li>\n<\/ul>\n<hr \/>\n<hr \/>\n<p>&nbsp;<\/p>\n<h1 style=\"text-align: center;\"><strong>Comite Causse Comtal<\/strong><\/h1>\n<h3 style=\"text-align: center;\">&#x63;&#111;m&#x69;&#116;e&#x2d;&#x63;&#97;&#x75;&#x73;&#115;e&#x2d;&#99;o&#x6d;&#x74;&#97;&#x6c;&#x40;&#108;a&#x70;&#111;s&#x74;&#x65;&#46;&#x6e;&#x65;&#116;<\/h3>\n<p style=\"text-align: center;\">Comit\u00e9 Causse Comtal, Barriac, 12340 Bozouls<\/p>\n","protected":false},"excerpt":{"rendered":"<p>Ligue des Droits de l&rsquo;Homme de Rodez (Aveyron) Contact : &#108;d&#x68;r&#x6f;d&#x65;z&#x40;g&#x6d;a&#x69;&#108;&#x2e;&#99;&#x6f;&#109; Collectifs aveyronnais sur les compteurs communicants, objets connect\u00e9s et<\/p>\n","protected":false},"author":3,"featured_media":0,"parent":0,"menu_order":0,"comment_status":"closed","ping_status":"closed","template":"","meta":{"colormag_page_container_layout":"default_layout","colormag_page_sidebar_layout":"default_layout","footnotes":""},"class_list":["post-138","page","type-page","status-publish","hentry"],"yoast_head":"<!-- This site is optimized with the Yoast SEO plugin v27.6 - https:\/\/yoast.com\/product\/yoast-seo-wordpress\/ -->\n<title>Contact - CCAVES<\/title>\n<meta name=\"description\" content=\"Plateforme d&#039;\u00e9changes et de Coordination des Collectifs et Associations Volontaires en Environnement Sant\u00e9 et Soci\u00e9t\u00e9\" \/>\n<meta name=\"robots\" content=\"index, follow, max-snippet:-1, max-image-preview:large, max-video-preview:-1\" \/>\n<link rel=\"canonical\" href=\"https:\/\/ccaves.org\/blog\/contact\/\" \/>\n<meta property=\"og:locale\" content=\"fr_FR\" \/>\n<meta property=\"og:type\" content=\"article\" \/>\n<meta property=\"og:title\" content=\"Contact - CCAVES\" \/>\n<meta property=\"og:description\" content=\"Plateforme d&#039;\u00e9changes et de Coordination des Collectifs et Associations Volontaires en Environnement Sant\u00e9 et Soci\u00e9t\u00e9\" \/>\n<meta property=\"og:url\" content=\"https:\/\/ccaves.org\/blog\/contact\/\" \/>\n<meta property=\"og:site_name\" content=\"CCAVES\" \/>\n<meta property=\"article:modified_time\" content=\"2020-01-27T16:11:26+00:00\" \/>\n<meta property=\"og:image\" content=\"https:\/\/ccaves.org\/blog\/wp-content\/uploads\/Oedicneme-criard-IMP-1024x631.png\" \/>\n\t<meta property=\"og:image:width\" content=\"1024\" \/>\n\t<meta property=\"og:image:height\" content=\"631\" \/>\n\t<meta property=\"og:image:type\" content=\"image\/png\" \/>\n<meta name=\"twitter:card\" content=\"summary_large_image\" \/>\n<meta name=\"twitter:label1\" content=\"Dur\u00e9e de lecture estim\u00e9e\" \/>\n\t<meta name=\"twitter:data1\" content=\"1 minute\" \/>\n<script type=\"application\/ld+json\" class=\"yoast-schema-graph\">{\"@context\":\"https:\\\/\\\/schema.org\",\"@graph\":[{\"@type\":\"WebPage\",\"@id\":\"https:\\\/\\\/ccaves.org\\\/blog\\\/contact\\\/\",\"url\":\"https:\\\/\\\/ccaves.org\\\/blog\\\/contact\\\/\",\"name\":\"Contact - CCAVES\",\"isPartOf\":{\"@id\":\"https:\\\/\\\/ccaves.org\\\/blog\\\/#website\"},\"datePublished\":\"2017-05-11T09:45:07+00:00\",\"dateModified\":\"2020-01-27T16:11:26+00:00\",\"description\":\"Plateforme d'\u00e9changes et de Coordination des Collectifs et Associations Volontaires en Environnement Sant\u00e9 et Soci\u00e9t\u00e9\",\"breadcrumb\":{\"@id\":\"https:\\\/\\\/ccaves.org\\\/blog\\\/contact\\\/#breadcrumb\"},\"inLanguage\":\"fr-FR\",\"potentialAction\":[{\"@type\":\"ReadAction\",\"target\":[\"https:\\\/\\\/ccaves.org\\\/blog\\\/contact\\\/\"]}]},{\"@type\":\"BreadcrumbList\",\"@id\":\"https:\\\/\\\/ccaves.org\\\/blog\\\/contact\\\/#breadcrumb\",\"itemListElement\":[{\"@type\":\"ListItem\",\"position\":1,\"name\":\"Accueil\",\"item\":\"https:\\\/\\\/ccaves.org\\\/blog\\\/\"},{\"@type\":\"ListItem\",\"position\":2,\"name\":\"Contact\"}]},{\"@type\":\"WebSite\",\"@id\":\"https:\\\/\\\/ccaves.org\\\/blog\\\/#website\",\"url\":\"https:\\\/\\\/ccaves.org\\\/blog\\\/\",\"name\":\"CCAVES\",\"description\":\"Plateforme d&#039;\u00e9changes et de Coordination des Collectifs et Associations Volontaires en Environnement Sant\u00e9 et Soci\u00e9t\u00e9\",\"publisher\":{\"@id\":\"https:\\\/\\\/ccaves.org\\\/blog\\\/#organization\"},\"alternateName\":\"Coordination des Collectifs et Associations Volontaires en Environnement Sant\u00e9 et Soci\u00e9t\u00e9\",\"potentialAction\":[{\"@type\":\"SearchAction\",\"target\":{\"@type\":\"EntryPoint\",\"urlTemplate\":\"https:\\\/\\\/ccaves.org\\\/blog\\\/?s={search_term_string}\"},\"query-input\":{\"@type\":\"PropertyValueSpecification\",\"valueRequired\":true,\"valueName\":\"search_term_string\"}}],\"inLanguage\":\"fr-FR\"},{\"@type\":\"Organization\",\"@id\":\"https:\\\/\\\/ccaves.org\\\/blog\\\/#organization\",\"name\":\"Plateforme d'\u00e9changes et de Coordination des Collectifs et Associations Volontaires en Environnement Sant\u00e9 et Soci\u00e9t\u00e9\",\"alternateName\":\"Plateforme d'\u00e9changes et de Coordination des Collectifs et Associations Volontaires en Environnement Sant\u00e9 et Soci\u00e9t\u00e9\",\"url\":\"https:\\\/\\\/ccaves.org\\\/blog\\\/\",\"logo\":{\"@type\":\"ImageObject\",\"inLanguage\":\"fr-FR\",\"@id\":\"https:\\\/\\\/ccaves.org\\\/blog\\\/#\\\/schema\\\/logo\\\/image\\\/\",\"url\":\"https:\\\/\\\/ccaves.org\\\/blog\\\/wp-content\\\/uploads\\\/Oedicneme-criard-IMP-1024x631.png\",\"contentUrl\":\"https:\\\/\\\/ccaves.org\\\/blog\\\/wp-content\\\/uploads\\\/Oedicneme-criard-IMP-1024x631.png\",\"width\":1024,\"height\":631,\"caption\":\"Plateforme d'\u00e9changes et de Coordination des Collectifs et Associations Volontaires en Environnement Sant\u00e9 et Soci\u00e9t\u00e9\"},\"image\":{\"@id\":\"https:\\\/\\\/ccaves.org\\\/blog\\\/#\\\/schema\\\/logo\\\/image\\\/\"}}]}<\/script>\n<!-- \/ Yoast SEO plugin. -->","yoast_head_json":{"title":"Contact - CCAVES","description":"Plateforme d'\u00e9changes et de Coordination des Collectifs et Associations Volontaires en Environnement Sant\u00e9 et Soci\u00e9t\u00e9","robots":{"index":"index","follow":"follow","max-snippet":"max-snippet:-1","max-image-preview":"max-image-preview:large","max-video-preview":"max-video-preview:-1"},"canonical":"https:\/\/ccaves.org\/blog\/contact\/","og_locale":"fr_FR","og_type":"article","og_title":"Contact - CCAVES","og_description":"Plateforme d'\u00e9changes et de Coordination des Collectifs et Associations Volontaires en Environnement Sant\u00e9 et Soci\u00e9t\u00e9","og_url":"https:\/\/ccaves.org\/blog\/contact\/","og_site_name":"CCAVES","article_modified_time":"2020-01-27T16:11:26+00:00","og_image":[{"width":1024,"height":631,"url":"https:\/\/ccaves.org\/blog\/wp-content\/uploads\/Oedicneme-criard-IMP-1024x631.png","type":"image\/png"}],"twitter_card":"summary_large_image","twitter_misc":{"Dur\u00e9e de lecture estim\u00e9e":"1 minute"},"schema":{"@context":"https:\/\/schema.org","@graph":[{"@type":"WebPage","@id":"https:\/\/ccaves.org\/blog\/contact\/","url":"https:\/\/ccaves.org\/blog\/contact\/","name":"Contact - CCAVES","isPartOf":{"@id":"https:\/\/ccaves.org\/blog\/#website"},"datePublished":"2017-05-11T09:45:07+00:00","dateModified":"2020-01-27T16:11:26+00:00","description":"Plateforme d'\u00e9changes et de Coordination des Collectifs et Associations Volontaires en Environnement Sant\u00e9 et Soci\u00e9t\u00e9","breadcrumb":{"@id":"https:\/\/ccaves.org\/blog\/contact\/#breadcrumb"},"inLanguage":"fr-FR","potentialAction":[{"@type":"ReadAction","target":["https:\/\/ccaves.org\/blog\/contact\/"]}]},{"@type":"BreadcrumbList","@id":"https:\/\/ccaves.org\/blog\/contact\/#breadcrumb","itemListElement":[{"@type":"ListItem","position":1,"name":"Accueil","item":"https:\/\/ccaves.org\/blog\/"},{"@type":"ListItem","position":2,"name":"Contact"}]},{"@type":"WebSite","@id":"https:\/\/ccaves.org\/blog\/#website","url":"https:\/\/ccaves.org\/blog\/","name":"CCAVES","description":"Plateforme d&#039;\u00e9changes et de Coordination des Collectifs et Associations Volontaires en Environnement Sant\u00e9 et Soci\u00e9t\u00e9","publisher":{"@id":"https:\/\/ccaves.org\/blog\/#organization"},"alternateName":"Coordination des Collectifs et Associations Volontaires en Environnement Sant\u00e9 et Soci\u00e9t\u00e9","potentialAction":[{"@type":"SearchAction","target":{"@type":"EntryPoint","urlTemplate":"https:\/\/ccaves.org\/blog\/?s={search_term_string}"},"query-input":{"@type":"PropertyValueSpecification","valueRequired":true,"valueName":"search_term_string"}}],"inLanguage":"fr-FR"},{"@type":"Organization","@id":"https:\/\/ccaves.org\/blog\/#organization","name":"Plateforme d'\u00e9changes et de Coordination des Collectifs et Associations Volontaires en Environnement Sant\u00e9 et Soci\u00e9t\u00e9","alternateName":"Plateforme d'\u00e9changes et de Coordination des Collectifs et Associations Volontaires en Environnement Sant\u00e9 et Soci\u00e9t\u00e9","url":"https:\/\/ccaves.org\/blog\/","logo":{"@type":"ImageObject","inLanguage":"fr-FR","@id":"https:\/\/ccaves.org\/blog\/#\/schema\/logo\/image\/","url":"https:\/\/ccaves.org\/blog\/wp-content\/uploads\/Oedicneme-criard-IMP-1024x631.png","contentUrl":"https:\/\/ccaves.org\/blog\/wp-content\/uploads\/Oedicneme-criard-IMP-1024x631.png","width":1024,"height":631,"caption":"Plateforme d'\u00e9changes et de Coordination des Collectifs et Associations Volontaires en Environnement Sant\u00e9 et Soci\u00e9t\u00e9"},"image":{"@id":"https:\/\/ccaves.org\/blog\/#\/schema\/logo\/image\/"}}]}},"_links":{"self":[{"href":"https:\/\/ccaves.org\/blog\/wp-json\/wp\/v2\/pages\/138","targetHints":{"allow":["GET"]}}],"collection":[{"href":"https:\/\/ccaves.org\/blog\/wp-json\/wp\/v2\/pages"}],"about":[{"href":"https:\/\/ccaves.org\/blog\/wp-json\/wp\/v2\/types\/page"}],"author":[{"embeddable":true,"href":"https:\/\/ccaves.org\/blog\/wp-json\/wp\/v2\/users\/3"}],"replies":[{"embeddable":true,"href":"https:\/\/ccaves.org\/blog\/wp-json\/wp\/v2\/comments?post=138"}],"version-history":[{"count":16,"href":"https:\/\/ccaves.org\/blog\/wp-json\/wp\/v2\/pages\/138\/revisions"}],"predecessor-version":[{"id":2909,"href":"https:\/\/ccaves.org\/blog\/wp-json\/wp\/v2\/pages\/138\/revisions\/2909"}],"wp:attachment":[{"href":"https:\/\/ccaves.org\/blog\/wp-json\/wp\/v2\/media?parent=138"}],"curies":[{"name":"wp","href":"https:\/\/api.w.org\/{rel}","templated":true}]}}